{"id":3422,"date":"2025-05-19T07:29:54","date_gmt":"2025-05-19T07:29:54","guid":{"rendered":"https:\/\/www.mlcorreduria.com\/politica-de-seguretat\/"},"modified":"2025-05-22T09:07:31","modified_gmt":"2025-05-22T09:07:31","slug":"politica-de-seguretat","status":"publish","type":"page","link":"https:\/\/www.mlcorreduria.com\/ca\/politica-de-seguretat\/","title":{"rendered":"Pol\u00edtica de Seguretat"},"content":{"rendered":"<p>A <strong>ML Corredoria d&#8217;Assegurances<\/strong>, la seguretat de la informaci\u00f3 \u00e9s un pilar fonamental de la nostra activitat com a intermediaris independents del sector assegurador. Som plenament conscients de la responsabilitat que implica la gesti\u00f3 de dades personals, financeres i contractuals, tant de clients com de col\u00b7laboradors.<\/p>\n<p>Per aix\u00f2, declarem el nostre comprom\u00eds amb la <strong>protecci\u00f3 integral de la informaci\u00f3<\/strong>, tant en format f\u00edsic com digital, i adoptem les mesures necess\u00e0ries per garantir-ne la <strong>confidencialitat, integritat i disponibilitat<\/strong>.<\/p>\n<p>Els nostres principis d\u2019actuaci\u00f3 en mat\u00e8ria de seguretat s\u00f3n:<\/p>\n<ul>\n<li><strong>Protecci\u00f3 de dades personals<\/strong>: Complim amb el Reglament General de Protecci\u00f3 de Dades (RGPD) i la normativa nacional aplicable, assegurant un tractament l\u00edcit, lleial i transparent de la informaci\u00f3.<\/li>\n<li><strong>Seguretat tecnol\u00f2gica<\/strong>: Apliquem protocols segurs de navegaci\u00f3 i comunicaci\u00f3 (HTTPS, xifratge, sistemes d\u2019autenticaci\u00f3 robusta, control d\u2019accessos) en els nostres sistemes i plataformes digitals.<\/li>\n<li><strong>Prevenci\u00f3 de ciberatacs<\/strong>: Disposem d\u2019eines de detecci\u00f3 i mitigaci\u00f3 davant amenaces inform\u00e0tiques (malware, phishing, accessos no autoritzats) i realitzem revisions peri\u00f2diques de seguretat.<\/li>\n<li><strong>Gesti\u00f3 d\u2019incidents<\/strong>: Comptem amb procediments d\u2019actuaci\u00f3 en cas d\u2019incidents de seguretat, inclosa la notificaci\u00f3 a les autoritats competents si fos necessari.<\/li>\n<li><strong>Sensibilitzaci\u00f3 i formaci\u00f3<\/strong>: Promovem la formaci\u00f3 cont\u00ednua del nostre equip en bones pr\u00e0ctiques de seguretat de la informaci\u00f3 i protecci\u00f3 de dades.<\/li>\n<li><strong>Col\u00b7laboraci\u00f3 amb prove\u00efdors segurs<\/strong>: Exigim als nostres socis tecnol\u00f2gics nivells de seguretat d\u2019acord amb els est\u00e0ndards del sector assegurador.<\/li>\n<\/ul>\n<p>Aquesta Pol\u00edtica de Seguretat es revisa peri\u00f2dicament per adaptar-la als nous riscos i aven\u00e7os tecnol\u00f2gics, i s\u2019integra en la nostra estrat\u00e8gia global de qualitat i compliment.<\/p>\n","protected":false},"excerpt":{"rendered":"<p>A ML Corredoria d&#8217;Assegurances, la seguretat de la informaci\u00f3 \u00e9s un pilar fonamental de la nostra activitat com a intermediaris independents del sector assegurador. Som plenament conscients de la responsabilitat que implica la gesti\u00f3 de dades personals, financeres i contractuals, tant de clients com de col\u00b7laboradors. Per aix\u00f2, declarem el nostre comprom\u00eds amb la protecci\u00f3 [&hellip;]<\/p>\n","protected":false},"author":1,"featured_media":0,"parent":0,"menu_order":0,"comment_status":"closed","ping_status":"closed","template":"","meta":{"site-sidebar-layout":"default","site-content-layout":"","ast-site-content-layout":"default","site-content-style":"default","site-sidebar-style":"default","ast-global-header-display":"","ast-banner-title-visibility":"","ast-main-header-display":"","ast-hfb-above-header-display":"","ast-hfb-below-header-display":"","ast-hfb-mobile-header-display":"","site-post-title":"","ast-breadcrumbs-content":"","ast-featured-img":"","footer-sml-layout":"","ast-disable-related-posts":"","theme-transparent-header-meta":"default","adv-header-id-meta":"","stick-header-meta":"","header-above-stick-meta":"","header-main-stick-meta":"","header-below-stick-meta":"","astra-migrate-meta-layouts":"default","ast-page-background-enabled":"default","ast-page-background-meta":{"desktop":{"background-color":"var(--ast-global-color-4)","background-image":"","background-repeat":"repeat","background-position":"center center","background-size":"auto","background-attachment":"scroll","background-type":"","background-media":"","overlay-type":"","overlay-color":"","overlay-opacity":"","overlay-gradient":""},"tablet":{"background-color":"","background-image":"","background-repeat":"repeat","background-position":"center center","background-size":"auto","background-attachment":"scroll","background-type":"","background-media":"","overlay-type":"","overlay-color":"","overlay-opacity":"","overlay-gradient":""},"mobile":{"background-color":"","background-image":"","background-repeat":"repeat","background-position":"center center","background-size":"auto","background-attachment":"scroll","background-type":"","background-media":"","overlay-type":"","overlay-color":"","overlay-opacity":"","overlay-gradient":""}},"ast-content-background-meta":{"desktop":{"background-color":"var(--ast-global-color-5)","background-image":"","background-repeat":"repeat","background-position":"center center","background-size":"auto","background-attachment":"scroll","background-type":"","background-media":"","overlay-type":"","overlay-color":"","overlay-opacity":"","overlay-gradient":""},"tablet":{"background-color":"var(--ast-global-color-5)","background-image":"","background-repeat":"repeat","background-position":"center center","background-size":"auto","background-attachment":"scroll","background-type":"","background-media":"","overlay-type":"","overlay-color":"","overlay-opacity":"","overlay-gradient":""},"mobile":{"background-color":"var(--ast-global-color-5)","background-image":"","background-repeat":"repeat","background-position":"center center","background-size":"auto","background-attachment":"scroll","background-type":"","background-media":"","overlay-type":"","overlay-color":"","overlay-opacity":"","overlay-gradient":""}},"_joinchat":[],"footnotes":""},"class_list":["post-3422","page","type-page","status-publish","hentry"],"_links":{"self":[{"href":"https:\/\/www.mlcorreduria.com\/ca\/wp-json\/wp\/v2\/pages\/3422","targetHints":{"allow":["GET"]}}],"collection":[{"href":"https:\/\/www.mlcorreduria.com\/ca\/wp-json\/wp\/v2\/pages"}],"about":[{"href":"https:\/\/www.mlcorreduria.com\/ca\/wp-json\/wp\/v2\/types\/page"}],"author":[{"embeddable":true,"href":"https:\/\/www.mlcorreduria.com\/ca\/wp-json\/wp\/v2\/users\/1"}],"replies":[{"embeddable":true,"href":"https:\/\/www.mlcorreduria.com\/ca\/wp-json\/wp\/v2\/comments?post=3422"}],"version-history":[{"count":0,"href":"https:\/\/www.mlcorreduria.com\/ca\/wp-json\/wp\/v2\/pages\/3422\/revisions"}],"wp:attachment":[{"href":"https:\/\/www.mlcorreduria.com\/ca\/wp-json\/wp\/v2\/media?parent=3422"}],"curies":[{"name":"wp","href":"https:\/\/api.w.org\/{rel}","templated":true}]}}