{"id":3428,"date":"2025-05-19T07:13:11","date_gmt":"2025-05-19T07:13:11","guid":{"rendered":"https:\/\/www.mlcorreduria.com\/politica-de-qualitat\/"},"modified":"2025-05-19T07:13:11","modified_gmt":"2025-05-19T07:13:11","slug":"politica-de-qualitat","status":"publish","type":"page","link":"https:\/\/www.mlcorreduria.com\/ca\/politica-de-qualitat\/","title":{"rendered":"Pol\u00edtica de Qualitat"},"content":{"rendered":"<p>A<strong> ML Corredoria d&#8217;Assegurances<\/strong>, ens comprometem a oferir un servei professional, transparent i orientat al client, basant-nos en principis de confian\u00e7a, independ\u00e8ncia i excel\u00b7l\u00e8ncia t\u00e8cnica.<\/p>\n<p>La nostra <strong>Pol\u00edtica de Qualitat<\/strong> es fonamenta en els seg\u00fcents compromisos:<\/p>\n<ul>\n<li><strong>Atenci\u00f3 personalitzada<\/strong>: Escoltem els nostres clients per entendre les seves necessitats reals i oferir solucions asseguradores adequades a cada perfil personal, professional o empresarial.<\/li>\n<li><strong>Millora cont\u00ednua<\/strong>: Treballem constantment per optimitzar els nostres processos interns, garantir la fiabilitat del servei i fomentar la innovaci\u00f3 en les nostres eines d\u2019atenci\u00f3 i gesti\u00f3.<\/li>\n<li><strong>Compliment normatiu<\/strong>: Actuem d&#8217;acord amb la normativa vigent en mat\u00e8ria de distribuci\u00f3 d\u2019assegurances i protecci\u00f3 de dades, garantint la m\u00e0xima transpar\u00e8ncia i seguretat en les nostres actuacions.<\/li>\n<li><strong>Independ\u00e8ncia professional<\/strong>: Com a corredoria, assessorem de manera objectiva i oferim acc\u00e9s a un ampli ventall d\u2019asseguradores, sempre en benefici del client.<\/li>\n<li><strong>Formaci\u00f3 i desenvolupament<\/strong>: Fomentem la formaci\u00f3 cont\u00ednua del nostre equip hum\u00e0 per mantenir-nos al dia en un entorn canviant i altament regulat.<\/li>\n<li><strong>Responsabilitat social i sostenibilitat<\/strong>: Integrant principis de responsabilitat \u00e8tica i sostenibilitat en les nostres activitats, en coher\u00e8ncia amb el nostre comprom\u00eds amb la societat i l\u2019entorn.<\/li>\n<\/ul>\n<p>Aquesta Pol\u00edtica de Qualitat constitueix el marc de refer\u00e8ncia per als nostres objectius estrat\u00e8gics i reflecteix la nostra vocaci\u00f3 de servei, cercant no nom\u00e9s la satisfacci\u00f3, sin\u00f3 tamb\u00e9 la confian\u00e7a duradora dels nostres clients.<\/p>\n","protected":false},"excerpt":{"rendered":"<p>A ML Corredoria d&#8217;Assegurances, ens comprometem a oferir un servei professional, transparent i orientat al client, basant-nos en principis de confian\u00e7a, independ\u00e8ncia i excel\u00b7l\u00e8ncia t\u00e8cnica. La nostra Pol\u00edtica de Qualitat es fonamenta en els seg\u00fcents compromisos: Atenci\u00f3 personalitzada: Escoltem els nostres clients per entendre les seves necessitats reals i oferir solucions asseguradores adequades a cada [&hellip;]<\/p>\n","protected":false},"author":1,"featured_media":0,"parent":0,"menu_order":0,"comment_status":"closed","ping_status":"closed","template":"","meta":{"site-sidebar-layout":"default","site-content-layout":"","ast-site-content-layout":"default","site-content-style":"default","site-sidebar-style":"default","ast-global-header-display":"","ast-banner-title-visibility":"","ast-main-header-display":"","ast-hfb-above-header-display":"","ast-hfb-below-header-display":"","ast-hfb-mobile-header-display":"","site-post-title":"","ast-breadcrumbs-content":"","ast-featured-img":"","footer-sml-layout":"","ast-disable-related-posts":"","theme-transparent-header-meta":"default","adv-header-id-meta":"","stick-header-meta":"","header-above-stick-meta":"","header-main-stick-meta":"","header-below-stick-meta":"","astra-migrate-meta-layouts":"default","ast-page-background-enabled":"default","ast-page-background-meta":{"desktop":{"background-color":"var(--ast-global-color-4)","background-image":"","background-repeat":"repeat","background-position":"center center","background-size":"auto","background-attachment":"scroll","background-type":"","background-media":"","overlay-type":"","overlay-color":"","overlay-opacity":"","overlay-gradient":""},"tablet":{"background-color":"","background-image":"","background-repeat":"repeat","background-position":"center center","background-size":"auto","background-attachment":"scroll","background-type":"","background-media":"","overlay-type":"","overlay-color":"","overlay-opacity":"","overlay-gradient":""},"mobile":{"background-color":"","background-image":"","background-repeat":"repeat","background-position":"center center","background-size":"auto","background-attachment":"scroll","background-type":"","background-media":"","overlay-type":"","overlay-color":"","overlay-opacity":"","overlay-gradient":""}},"ast-content-background-meta":{"desktop":{"background-color":"var(--ast-global-color-5)","background-image":"","background-repeat":"repeat","background-position":"center center","background-size":"auto","background-attachment":"scroll","background-type":"","background-media":"","overlay-type":"","overlay-color":"","overlay-opacity":"","overlay-gradient":""},"tablet":{"background-color":"var(--ast-global-color-5)","background-image":"","background-repeat":"repeat","background-position":"center center","background-size":"auto","background-attachment":"scroll","background-type":"","background-media":"","overlay-type":"","overlay-color":"","overlay-opacity":"","overlay-gradient":""},"mobile":{"background-color":"var(--ast-global-color-5)","background-image":"","background-repeat":"repeat","background-position":"center center","background-size":"auto","background-attachment":"scroll","background-type":"","background-media":"","overlay-type":"","overlay-color":"","overlay-opacity":"","overlay-gradient":""}},"_joinchat":[],"footnotes":""},"class_list":["post-3428","page","type-page","status-publish","hentry"],"_links":{"self":[{"href":"https:\/\/www.mlcorreduria.com\/ca\/wp-json\/wp\/v2\/pages\/3428","targetHints":{"allow":["GET"]}}],"collection":[{"href":"https:\/\/www.mlcorreduria.com\/ca\/wp-json\/wp\/v2\/pages"}],"about":[{"href":"https:\/\/www.mlcorreduria.com\/ca\/wp-json\/wp\/v2\/types\/page"}],"author":[{"embeddable":true,"href":"https:\/\/www.mlcorreduria.com\/ca\/wp-json\/wp\/v2\/users\/1"}],"replies":[{"embeddable":true,"href":"https:\/\/www.mlcorreduria.com\/ca\/wp-json\/wp\/v2\/comments?post=3428"}],"version-history":[{"count":0,"href":"https:\/\/www.mlcorreduria.com\/ca\/wp-json\/wp\/v2\/pages\/3428\/revisions"}],"wp:attachment":[{"href":"https:\/\/www.mlcorreduria.com\/ca\/wp-json\/wp\/v2\/media?parent=3428"}],"curies":[{"name":"wp","href":"https:\/\/api.w.org\/{rel}","templated":true}]}}