{"id":3593,"date":"2025-05-15T11:02:45","date_gmt":"2025-05-15T11:02:45","guid":{"rendered":"https:\/\/www.mlcorreduria.com\/politica-de-cookies\/"},"modified":"2025-05-15T11:02:45","modified_gmt":"2025-05-15T11:02:45","slug":"politica-de-cookies","status":"publish","type":"page","link":"https:\/\/www.mlcorreduria.com\/ca\/politica-de-cookies\/","title":{"rendered":"Pol\u00edtica de Cookies"},"content":{"rendered":"<p>A trav\u00e9s de este sitio web no se recaban datos de car\u00e1cter personal de los usuarios sin su conocimiento, ni se ceden a terceros.<\/p>\n<p>Con la finalidad de ofrecerle el mejor servicio y con el objeto de facilitar el uso, se analizan el n\u00famero de p\u00e1ginas visitadas, el n\u00famero de visitas, as\u00ed como la actividad de los visitantes y su frecuencia de utilizaci\u00f3n. A estos efectos, el Titular de la p\u00e1gina web, MART\u00cdNEZ LIMORTI CORREDURIA DE SEGUROS, SL (en adelante ML CORREDUR\u00cdA), utiliza la informaci\u00f3n estad\u00edstica elaborada por el Proveedor de Servicios de Internet. <\/p>\n<p>La web de ML CORREDUR\u00cdA, no utiliza cookies para recoger informaci\u00f3n de los usuarios, ni registra las direcciones IP de acceso. \u00danicamente se utilizan cookies propias, de terceros, de sesi\u00f3n y con finalidad t\u00e9cnica (aquellas que permiten al usuario la navegaci\u00f3n a trav\u00e9s del sitio web y la utilizaci\u00f3n de las diferentes opciones y servicios que en ella existen). <\/p>\n<p>El portal del que es titular MART\u00cdNEZ LIMORTI CORREDURIA DE SEGUROS, SL puede contener enlaces a sitios web de terceros, cuyas pol\u00edticas de privacidad son ajenas a la de la web. Al acceder a tales sitios web usted puede decidir si acepta sus pol\u00edticas de privacidad y de cookies. Con car\u00e1cter general, si navega por internet usted puede aceptar o rechazar las cookies de terceros desde las opciones de configuraci\u00f3n de su navegador.  <\/p>\n<p>&nbsp;<\/p>\n<p>\u00bfQu\u00e9 son las cookies?<\/p>\n<p>Este sitio web utiliza cookies y\/o tecnolog\u00edas similares que almacenan y recuperan informaci\u00f3n cuando navegas. En general, estas tecnolog\u00edas pueden servir para finalidades muy diversas, como, por ejemplo, reconocerte como usuario, obtener informaci\u00f3n sobre tus h\u00e1bitos de navegaci\u00f3n, o personalizar la forma en que se muestra el contenido. Los usos concretos que hacemos de estas tecnolog\u00edas se describen a continuaci\u00f3n.  <\/p>\n<p>&nbsp;<\/p>\n<p>Tipos de cookies<\/p>\n<p>Las cookies pueden clasificarse:<\/p>\n<p>1. Seg\u00fan la entidad que la gestiona:<\/p>\n<p>Cookies propias: Son aquellas cookies que se env\u00edan al equipo del usuario desde un equipo o dominio gestionado por el propio editor y desde el que se presta el servicio solicitado por el usuario.<br \/>\nCookies de terceros: Son aquellas cookies que se env\u00edan al equipo terminal del usuario desde un equipo o dominio que no es gestionado por el editor, sino por otra entidad que trata los datos obtenidos a trav\u00e9s de las cookies.<\/p>\n<p>2. Seg\u00fan el plazo de tiempo que permanecen activadas:<\/p>\n<p>Cookies de sesi\u00f3n: Son cookies temporales, est\u00e1n dise\u00f1adas para recabar y almacenar datos mientras el usuario accede a una p\u00e1gina web. La informaci\u00f3n obtenida por medio de estas cookies, sirven para analizar pautas de tr\u00e1fico en la web.<br \/>\nCookies persistentes: son almacenadas en el disco duro y nuestra web las lee cada vez que realizas una nueva visita. Una cookie permanente posee una fecha de expiraci\u00f3n determinada. La cookie dejar\u00e1 de funcionar despu\u00e9s de esa fecha.   <\/p>\n<p>3. Seg\u00fan su finalidad:<\/p>\n<p>Cookies t\u00e9cnicas: Son aqu\u00e9llas que permiten al usuario la navegaci\u00f3n a trav\u00e9s de una p\u00e1gina web, plataforma o aplicaci\u00f3n y la utilizaci\u00f3n de las diferentes opciones o servicios que en ella existan como, por ejemplo, controlar el tr\u00e1fico y la comunicaci\u00f3n de datos, identificar la sesi\u00f3n, acceder a partes de acceso restringido, recordar los elementos que integran un pedido, realizar el proceso de compra de un pedido, realizar la solicitud de inscripci\u00f3n o participaci\u00f3n en un evento, utilizar elementos de seguridad durante la navegaci\u00f3n, almacenar contenidos para la difusi\u00f3n de videos o sonido o compartir contenidos a trav\u00e9s de redes sociales.<br \/>\nCookies de personalizaci\u00f3n: Son aqu\u00e9llas que te permiten acceder al servicio con unas caracter\u00edsticas de car\u00e1cter general predefinidas en funci\u00f3n de una serie de criterios en el terminal del usuario como por ejemplo el idioma, el tipo de navegador a trav\u00e9s del cual se accede al servicio, la configuraci\u00f3n regional desde donde se accede al servicio, etc.<br \/>\nCookies de an\u00e1lisis: Son aquellas que son tratadas por nosotros o por terceros, nos permiten cuantificar el n\u00famero de usuarios y as\u00ed realizar la medici\u00f3n y an\u00e1lisis estad\u00edstico de la utilizaci\u00f3n que hacen los usuarios del servicio ofertado. Para ello se analiza la navegaci\u00f3n en nuestra p\u00e1gina web con el fin de mejorar la misma.<br \/>\nCookies publicitarias: Son aqu\u00e9llas que permiten la gesti\u00f3n, de la forma m\u00e1s eficaz posible, de los espacios publicitarios que se pudieran incluir en nuestra p\u00e1gina web.<br \/>\nCookies de publicidad comportamental: Estas cookies almacenan informaci\u00f3n del comportamiento de los usuarios obtenida a trav\u00e9s de la observaci\u00f3n continuada. Gracias a ellas, podemos conocer los h\u00e1bitos de navegaci\u00f3n en internet y mostrar publicidad relacionada con el perfil de navegaci\u00f3n.  <\/p>\n<p>&nbsp;<\/p>\n<p>Cookies que utiliza esta p\u00e1gina web<\/p>\n<p>Cookies de an\u00e1lisis<\/p>\n<p>Google Analytics: Almacena cookies para poder elaborar estad\u00edsticas sobre el tr\u00e1fico y volumen de visitas de esta web y recoge informaci\u00f3n sobre la navegaci\u00f3n de los usuarios por el sitio con el fin de conocer el origen de las visitas y otros datos similares a nivel estad\u00edstico.<\/p>\n<p>Al utilizar este sitio web est\u00e1 consintiendo el tratamiento de informaci\u00f3n acerca de usted por Google. Por tanto, el ejercicio de cualquier derecho en este sentido deber\u00e1 hacerlo comunicando directamente con Google. <\/p>\n<p>A trav\u00e9s de los siguientes enlaces puede ver el detalle de las cookies que utiliza Google Analitiycs y su prop\u00f3sito: developers.google.com\/analytics\/devguides\/collection\/analyticsjs\/cookie-usage y Centro de privacidad de Google<\/p>\n<p>Cookies t\u00e9cnicas<\/p>\n<p>Este sitio web emplea cookies t\u00e9cnicas orientadas a identificar la sesi\u00f3n del usuario mientras navega por nuestra web, saber si el usuario ha aceptado o no la descarga de cookies, o las b\u00fasquedas en nuestros buscadores. La desactivaci\u00f3n de estas cookies mediante el bloqueo de las cookies puede impedir el correcto funcionamiento de algunas funcionalidades de la web. <\/p>\n<p>Cookies de terceros<\/p>\n<p>Estas cookies se utilizan para recoger informaci\u00f3n sobre la navegaci\u00f3n de los usuarios por el sitio con el fin de conocer el origen de las visitas y otros datos similares a nivel estad\u00edstico. Las cookies de terceros son utilizadas por el prestador del servicio que est\u00e1 detallado en la tabla, puede informarse de las transferencias a terceros pa\u00edses que, en su caso, realizan los terceros identificados en esta pol\u00edtica de cookies en sus correspondientes pol\u00edticas: Google Analytics, Centro de privacidad de Google. <\/p>\n<p>_utma &#8211; (Google | Duraci\u00f3n: 2 a\u00f1os) Se usa para distinguir usuarios y sesiones. La cookie se crea cuando se ejecuta la biblioteca de JavaScript y no hay ninguna cookie __utma. La cookie se actualiza cada vez que se env\u00edan datos a Google Analytics.<br \/>\n_utmb &#8211; (Google | Duraci\u00f3n: 30 minutos) Anal\u00edtica (servicio Google Analytics): Utilizamos cookies de Google Analytics embebidas en nuestro sitio web para recopilar informaci\u00f3n acerca de c\u00f3mo los visitantes navegan en nuestro sitio web. Utilizamos la informaci\u00f3n para elaborar informes y ayudar a mejorar el sitio. Las cookies recopilan informaci\u00f3n de forma an\u00f3nima, incluyendo el n\u00famero de visitantes, de donde vienen y las p\u00e1ginas que han visitado en nuestra web.<br \/>\n_utmc &#8211; (Google | Duraci\u00f3n: sesi\u00f3n) Anal\u00edtica (servicio Google Analytics): Utilizamos cookies de Google Analytics embebidas en nuestro sitio web para recopilar informaci\u00f3n acerca de c\u00f3mo los visitantes navegan en nuestro sitio web. Utilizamos la informaci\u00f3n para elaborar informes y ayudar a mejorar el sitio. Las cookies recopilan informaci\u00f3n de forma an\u00f3nima, incluyendo el n\u00famero de visitantes, de donde vienen y las p\u00e1ginas que han visitado en nuestra web.<br \/>\n_utmz &#8211; (Google | Duraci\u00f3n: 6 meses) Almacena la fuente de tr\u00e1fico o la campa\u00f1a que explica c\u00f3mo ha llegado el usuario al sitio web. La cookie se crea cuando se ejecuta la biblioteca de JavaScript y se actualiza cada vez que se env\u00edan datos a Google Analytics.<br \/>\n_utmt &#8211; (Google | Duraci\u00f3n: persistente (10 minutos)) Anal\u00edtica (servicio Google Analytics): se usa para limitar el porcentaje de solicitudes.<br \/>\nNID &#8211; (Google | Duraci\u00f3n: persistente (6 meses)) Empleamos esta cookie al usar el servicio Google Maps. Utilizamos mapas interactivos de Google, porque creemos que proporcionan una forma \u00fatil para nuestros visitantes para identificar la localizaci\u00f3n de nuestra empresa. Puede consultar los t\u00e9rminos de servicio de Google Maps en www.google.es\/intl\/es\/help\/terms_maps.html<br \/>\nLas cookies empleadas por Google Maps est\u00e1n orientadas a la gesti\u00f3n de Publicidad: Google utiliza cookies, como las cookies PREF, NID y SID, para poder personalizar los anuncios que se muestran en los servicios de Google. Utiliza esas cookies, por ejemplo, para recordarte tus b\u00fasquedas m\u00e1s recientes, tus interacciones anteriores con los resultados de b\u00fasqueda o con la publicidad de un anunciante y tus visitas al sitio web de un anunciante. De ese modo, Google puede mostrarte anuncios personalizados.<br \/>\n_ga &#8211; (Duraci\u00f3n: 2 a\u00f1os) Se usa para distinguir a los usuarios.<br \/>\n_gat &#8211; (Duraci\u00f3n: 1 minuto) Se usa para limitar el porcentaje de solicitudes. Si se ha implementado Google Analytics mediante Google Tag Manager, esta cookie se llamar\u00e1 _dc_gtm_.<br \/>\n_gid &#8211; (Duraci\u00f3n: 24 horas) Se usa para distinguir a los usuarios.            <\/p>\n<p>Cookies propias<\/p>\n<p>ASPSESSION &#8211; (Duraci\u00f3n: Sesi\u00f3n) Esta cookie es nativa de ASP y permite a la web guardar datos serializados de estado. En esta web se usa para establecer sesiones de usuario pasando datos de estado a trav\u00e9s de una cookie temporal tambi\u00e9n conocida como Cookie de sesi\u00f3n. La cookie ASPSESSION no tiene caducidad establecida ya que desaparece cuando se cierra la web.<br \/>\ncookiesDirective &#8211; (Duraci\u00f3n: 1 a\u00f1o) Aceptaci\u00f3n de cookies de este sitio web.<br \/>\nanalysis &#8211; (Duraci\u00f3n: 1 a\u00f1o) Aceptaci\u00f3n de cookies de an\u00e1lisis.<br \/>\npubli &#8211; (Duraci\u00f3n: 1 a\u00f1o) Aceptaci\u00f3n de cookies de publicidad y v\u00eddeos.  <\/p>\n<p>&nbsp;<\/p>\n<p>\u00bfC\u00f3mo puedo desactivar o eliminar estas cookies?<\/p>\n<p>Eliminar o bloquear las cookies<\/p>\n<p>Usted puede permitir, bloquear o eliminar las cookies instaladas en su equipo mediante la configuraci\u00f3n de las opciones del navegador instalado en su ordenador.<\/p>\n<p>Puede ver m\u00e1s informaci\u00f3n sobre su navegador y las cookies en los siguientes enlaces:<\/p>\n<p>Firefox: support.mozilla.org\/es\/kb\/habilitar-y-deshabilitar-cookies-que-los-sitios-we<br \/>\nChrome: support.google.com\/chrome\/bin\/answer.py?hl=es&amp;answer=95647<br \/>\nInternet Explorer: windows.microsoft.com\/es-es\/windows7\/how-to-manage-cookies-in-internet-explorer-9<br \/>\nSafari: support.apple.com\/kb\/ph5042<br \/>\nOpera: help.opera.com\/Windows\/11.50\/es-ES\/cookies.html<\/p>\n<p>Complemento de inhabilitaci\u00f3n para navegadores de Google Analytics<\/p>\n<p>Si desea rechazar las cookies anal\u00edticas de Google Analytics en todos los navegadores, de forma que no se env\u00ede informaci\u00f3n suya a Google Analytics, puede descargar un complemento que realiza esta funci\u00f3n desde este enlace: tools.google.com\/dlpage\/gaoptout<\/p>\n<p>Otros navegadores<\/p>\n<p>Consulte la documentaci\u00f3n del navegador que tenga instalado.<\/p>\n<p>Complemento de inhabilitaci\u00f3n para navegadores de Google Analytics<\/p>\n<p>Si desea rechazar las cookies anal\u00edticas de Google Analytics en todos los navegadores, de forma que no se env\u00ede informaci\u00f3n suya a Google Analytics, puede descargar un complemento que realiza esta funci\u00f3n desde este enlace: tools.google.com\/dlpage\/gaoptout<\/p>\n","protected":false},"excerpt":{"rendered":"<p>A trav\u00e9s de este sitio web no se recaban datos de car\u00e1cter personal de los usuarios sin su conocimiento, ni se ceden a terceros. Con la finalidad de ofrecerle el mejor servicio y con el objeto de facilitar el uso, se analizan el n\u00famero de p\u00e1ginas visitadas, el n\u00famero de visitas, as\u00ed como la actividad [&hellip;]<\/p>\n","protected":false},"author":1,"featured_media":0,"parent":0,"menu_order":0,"comment_status":"closed","ping_status":"closed","template":"","meta":{"site-sidebar-layout":"default","site-content-layout":"","ast-site-content-layout":"default","site-content-style":"default","site-sidebar-style":"default","ast-global-header-display":"","ast-banner-title-visibility":"","ast-main-header-display":"","ast-hfb-above-header-display":"","ast-hfb-below-header-display":"","ast-hfb-mobile-header-display":"","site-post-title":"","ast-breadcrumbs-content":"","ast-featured-img":"","footer-sml-layout":"","ast-disable-related-posts":"","theme-transparent-header-meta":"default","adv-header-id-meta":"","stick-header-meta":"","header-above-stick-meta":"","header-main-stick-meta":"","header-below-stick-meta":"","astra-migrate-meta-layouts":"default","ast-page-background-enabled":"default","ast-page-background-meta":{"desktop":{"background-color":"var(--ast-global-color-4)","background-image":"","background-repeat":"repeat","background-position":"center center","background-size":"auto","background-attachment":"scroll","background-type":"","background-media":"","overlay-type":"","overlay-color":"","overlay-opacity":"","overlay-gradient":""},"tablet":{"background-color":"","background-image":"","background-repeat":"repeat","background-position":"center center","background-size":"auto","background-attachment":"scroll","background-type":"","background-media":"","overlay-type":"","overlay-color":"","overlay-opacity":"","overlay-gradient":""},"mobile":{"background-color":"","background-image":"","background-repeat":"repeat","background-position":"center center","background-size":"auto","background-attachment":"scroll","background-type":"","background-media":"","overlay-type":"","overlay-color":"","overlay-opacity":"","overlay-gradient":""}},"ast-content-background-meta":{"desktop":{"background-color":"var(--ast-global-color-5)","background-image":"","background-repeat":"repeat","background-position":"center center","background-size":"auto","background-attachment":"scroll","background-type":"","background-media":"","overlay-type":"","overlay-color":"","overlay-opacity":"","overlay-gradient":""},"tablet":{"background-color":"var(--ast-global-color-5)","background-image":"","background-repeat":"repeat","background-position":"center center","background-size":"auto","background-attachment":"scroll","background-type":"","background-media":"","overlay-type":"","overlay-color":"","overlay-opacity":"","overlay-gradient":""},"mobile":{"background-color":"var(--ast-global-color-5)","background-image":"","background-repeat":"repeat","background-position":"center center","background-size":"auto","background-attachment":"scroll","background-type":"","background-media":"","overlay-type":"","overlay-color":"","overlay-opacity":"","overlay-gradient":""}},"_joinchat":[],"footnotes":""},"class_list":["post-3593","page","type-page","status-publish","hentry"],"_links":{"self":[{"href":"https:\/\/www.mlcorreduria.com\/ca\/wp-json\/wp\/v2\/pages\/3593","targetHints":{"allow":["GET"]}}],"collection":[{"href":"https:\/\/www.mlcorreduria.com\/ca\/wp-json\/wp\/v2\/pages"}],"about":[{"href":"https:\/\/www.mlcorreduria.com\/ca\/wp-json\/wp\/v2\/types\/page"}],"author":[{"embeddable":true,"href":"https:\/\/www.mlcorreduria.com\/ca\/wp-json\/wp\/v2\/users\/1"}],"replies":[{"embeddable":true,"href":"https:\/\/www.mlcorreduria.com\/ca\/wp-json\/wp\/v2\/comments?post=3593"}],"version-history":[{"count":0,"href":"https:\/\/www.mlcorreduria.com\/ca\/wp-json\/wp\/v2\/pages\/3593\/revisions"}],"wp:attachment":[{"href":"https:\/\/www.mlcorreduria.com\/ca\/wp-json\/wp\/v2\/media?parent=3593"}],"curies":[{"name":"wp","href":"https:\/\/api.w.org\/{rel}","templated":true}]}}